{"id":2853,"date":"2021-05-14T00:22:40","date_gmt":"2021-05-13T22:22:40","guid":{"rendered":"https:\/\/primitivopico.com\/?post_type=product&#038;p=2853"},"modified":"2021-12-28T11:02:23","modified_gmt":"2021-12-28T10:02:23","slug":"pack-oferta","status":"publish","type":"product","link":"https:\/\/primitivopico.com\/en\/product\/pack-oferta\/","title":{"rendered":"Pack promocional"},"content":{"rendered":"","protected":false},"excerpt":{"rendered":"<p>Disfruta de una selecci\u00f3n \u00fanica de productos en un pack oferta compuesto con ocho de nuestros mejores productos:<\/p>\n<ul>\n<li>Torta imperial suprema<\/li>\n<li>Turr\u00f3n blando de cacahuete extra<\/li>\n<li>Turr\u00f3n blanco de almendra suprema<\/li>\n<li>Figuritas de mazap\u00e1n suprema<\/li>\n<li>Turr\u00f3n de pi\u00f1ones<\/li>\n<li>Turr\u00f3n de ajonjol\u00ed<\/li>\n<li>Bandeja de almedras 300g<\/li>\n<li>Bandeja de Cidra glaseada 300g<\/li>\n<\/ul>\n","protected":false},"featured_media":3042,"comment_status":"closed","ping_status":"closed","template":"","meta":[],"product_brand":[],"product_cat":[269],"product_tag":[],"class_list":{"0":"post-2853","1":"product","2":"type-product","3":"status-publish","4":"has-post-thumbnail","6":"product_cat-pack-promocionales","8":"first","9":"outofstock","10":"shipping-taxable","11":"purchasable","12":"product-type-simple"},"yoast_head":"<!-- This site is optimized with the Yoast SEO plugin v27.0 - https:\/\/yoast.com\/product\/yoast-seo-wordpress\/ -->\n<title>Pack promocional - Primitivo Pic\u00f3<\/title>\n<meta name=\"description\" content=\"Disfruta de una selecci\u00f3n \u00fanica de productos en un pack oferta compuesto con ocho de nuestros mejores productos.\" \/>\n<meta name=\"robots\" content=\"index, follow, max-snippet:-1, max-image-preview:large, max-video-preview:-1\" \/>\n<link rel=\"canonical\" href=\"https:\/\/primitivopico.com\/en\/product\/pack-oferta\/\" \/>\n<meta property=\"og:locale\" content=\"en_US\" \/>\n<meta property=\"og:type\" content=\"article\" \/>\n<meta property=\"og:title\" content=\"Pack promocional - Primitivo Pic\u00f3\" \/>\n<meta property=\"og:description\" content=\"Disfruta de una selecci\u00f3n \u00fanica de productos en un pack oferta compuesto con ocho de nuestros mejores productos.\" \/>\n<meta property=\"og:url\" content=\"https:\/\/primitivopico.com\/en\/product\/pack-oferta\/\" \/>\n<meta property=\"og:site_name\" content=\"Primitivo Pic\u00f3\" \/>\n<meta property=\"article:modified_time\" content=\"2021-12-28T10:02:23+00:00\" \/>\n<meta property=\"og:image\" content=\"https:\/\/primitivopico.com\/wp-content\/uploads\/2021\/05\/pack-PROMOCION.jpg\" \/>\n\t<meta property=\"og:image:width\" content=\"1600\" \/>\n\t<meta property=\"og:image:height\" content=\"1600\" \/>\n\t<meta property=\"og:image:type\" content=\"image\/jpeg\" \/>\n<meta name=\"twitter:card\" content=\"summary_large_image\" \/>\n<script type=\"application\/ld+json\" class=\"yoast-schema-graph\">{\"@context\":\"https:\/\/schema.org\",\"@graph\":[{\"@type\":\"WebPage\",\"@id\":\"https:\/\/primitivopico.com\/en\/product\/pack-oferta\/\",\"url\":\"https:\/\/primitivopico.com\/en\/product\/pack-oferta\/\",\"name\":\"Pack promocional - Primitivo Pic\u00f3\",\"isPartOf\":{\"@id\":\"https:\/\/www.primitivopico.com\/en\/#website\"},\"primaryImageOfPage\":{\"@id\":\"https:\/\/primitivopico.com\/en\/product\/pack-oferta\/#primaryimage\"},\"image\":{\"@id\":\"https:\/\/primitivopico.com\/en\/product\/pack-oferta\/#primaryimage\"},\"thumbnailUrl\":\"https:\/\/primitivopico.com\/wp-content\/uploads\/2021\/05\/pack-PROMOCION.jpg\",\"datePublished\":\"2021-05-13T22:22:40+00:00\",\"dateModified\":\"2021-12-28T10:02:23+00:00\",\"description\":\"Disfruta de una selecci\u00f3n \u00fanica de productos en un pack oferta compuesto con ocho de nuestros mejores productos.\",\"breadcrumb\":{\"@id\":\"https:\/\/primitivopico.com\/en\/product\/pack-oferta\/#breadcrumb\"},\"inLanguage\":\"en-US\",\"potentialAction\":[{\"@type\":\"ReadAction\",\"target\":[\"https:\/\/primitivopico.com\/en\/product\/pack-oferta\/\"]}]},{\"@type\":\"ImageObject\",\"inLanguage\":\"en-US\",\"@id\":\"https:\/\/primitivopico.com\/en\/product\/pack-oferta\/#primaryimage\",\"url\":\"https:\/\/primitivopico.com\/wp-content\/uploads\/2021\/05\/pack-PROMOCION.jpg\",\"contentUrl\":\"https:\/\/primitivopico.com\/wp-content\/uploads\/2021\/05\/pack-PROMOCION.jpg\",\"width\":1600,\"height\":1600},{\"@type\":\"BreadcrumbList\",\"@id\":\"https:\/\/primitivopico.com\/en\/product\/pack-oferta\/#breadcrumb\",\"itemListElement\":[{\"@type\":\"ListItem\",\"position\":1,\"name\":\"Home\",\"item\":\"https:\/\/www.primitivopico.com\/en\/\"},{\"@type\":\"ListItem\",\"position\":2,\"name\":\"Store\",\"item\":\"https:\/\/primitivopico.com\/en\/store\/\"},{\"@type\":\"ListItem\",\"position\":3,\"name\":\"Pack promocional\"}]},{\"@type\":\"WebSite\",\"@id\":\"https:\/\/www.primitivopico.com\/en\/#website\",\"url\":\"https:\/\/www.primitivopico.com\/en\/\",\"name\":\"Primitivo Pic\u00f3\",\"description\":\"Turrones, porciones, dulces y conservas vegetales\",\"publisher\":{\"@id\":\"https:\/\/www.primitivopico.com\/en\/#organization\"},\"potentialAction\":[{\"@type\":\"SearchAction\",\"target\":{\"@type\":\"EntryPoint\",\"urlTemplate\":\"https:\/\/www.primitivopico.com\/en\/?s={search_term_string}\"},\"query-input\":{\"@type\":\"PropertyValueSpecification\",\"valueRequired\":true,\"valueName\":\"search_term_string\"}}],\"inLanguage\":\"en-US\"},{\"@type\":\"Organization\",\"@id\":\"https:\/\/www.primitivopico.com\/en\/#organization\",\"name\":\"Primitivo Pic\u00f3\",\"url\":\"https:\/\/www.primitivopico.com\/en\/\",\"logo\":{\"@type\":\"ImageObject\",\"inLanguage\":\"en-US\",\"@id\":\"https:\/\/www.primitivopico.com\/en\/#\/schema\/logo\/image\/\",\"url\":\"https:\/\/primitivopico.com\/wp-content\/uploads\/2018\/10\/pp.ico\",\"contentUrl\":\"https:\/\/primitivopico.com\/wp-content\/uploads\/2018\/10\/pp.ico\",\"width\":168,\"height\":114,\"caption\":\"Primitivo Pic\u00f3\"},\"image\":{\"@id\":\"https:\/\/www.primitivopico.com\/en\/#\/schema\/logo\/image\/\"}}]}<\/script>\n<!-- \/ Yoast SEO plugin. -->","yoast_head_json":{"title":"Pack promocional - Primitivo Pic\u00f3","description":"Disfruta de una selecci\u00f3n \u00fanica de productos en un pack oferta compuesto con ocho de nuestros mejores productos.","robots":{"index":"index","follow":"follow","max-snippet":"max-snippet:-1","max-image-preview":"max-image-preview:large","max-video-preview":"max-video-preview:-1"},"canonical":"https:\/\/primitivopico.com\/en\/product\/pack-oferta\/","og_locale":"en_US","og_type":"article","og_title":"Pack promocional - Primitivo Pic\u00f3","og_description":"Disfruta de una selecci\u00f3n \u00fanica de productos en un pack oferta compuesto con ocho de nuestros mejores productos.","og_url":"https:\/\/primitivopico.com\/en\/product\/pack-oferta\/","og_site_name":"Primitivo Pic\u00f3","article_modified_time":"2021-12-28T10:02:23+00:00","og_image":[{"width":1600,"height":1600,"url":"https:\/\/primitivopico.com\/wp-content\/uploads\/2021\/05\/pack-PROMOCION.jpg","type":"image\/jpeg"}],"twitter_card":"summary_large_image","schema":{"@context":"https:\/\/schema.org","@graph":[{"@type":"WebPage","@id":"https:\/\/primitivopico.com\/en\/product\/pack-oferta\/","url":"https:\/\/primitivopico.com\/en\/product\/pack-oferta\/","name":"Pack promocional - Primitivo Pic\u00f3","isPartOf":{"@id":"https:\/\/www.primitivopico.com\/en\/#website"},"primaryImageOfPage":{"@id":"https:\/\/primitivopico.com\/en\/product\/pack-oferta\/#primaryimage"},"image":{"@id":"https:\/\/primitivopico.com\/en\/product\/pack-oferta\/#primaryimage"},"thumbnailUrl":"https:\/\/primitivopico.com\/wp-content\/uploads\/2021\/05\/pack-PROMOCION.jpg","datePublished":"2021-05-13T22:22:40+00:00","dateModified":"2021-12-28T10:02:23+00:00","description":"Disfruta de una selecci\u00f3n \u00fanica de productos en un pack oferta compuesto con ocho de nuestros mejores productos.","breadcrumb":{"@id":"https:\/\/primitivopico.com\/en\/product\/pack-oferta\/#breadcrumb"},"inLanguage":"en-US","potentialAction":[{"@type":"ReadAction","target":["https:\/\/primitivopico.com\/en\/product\/pack-oferta\/"]}]},{"@type":"ImageObject","inLanguage":"en-US","@id":"https:\/\/primitivopico.com\/en\/product\/pack-oferta\/#primaryimage","url":"https:\/\/primitivopico.com\/wp-content\/uploads\/2021\/05\/pack-PROMOCION.jpg","contentUrl":"https:\/\/primitivopico.com\/wp-content\/uploads\/2021\/05\/pack-PROMOCION.jpg","width":1600,"height":1600},{"@type":"BreadcrumbList","@id":"https:\/\/primitivopico.com\/en\/product\/pack-oferta\/#breadcrumb","itemListElement":[{"@type":"ListItem","position":1,"name":"Home","item":"https:\/\/www.primitivopico.com\/en\/"},{"@type":"ListItem","position":2,"name":"Store","item":"https:\/\/primitivopico.com\/en\/store\/"},{"@type":"ListItem","position":3,"name":"Pack promocional"}]},{"@type":"WebSite","@id":"https:\/\/www.primitivopico.com\/en\/#website","url":"https:\/\/www.primitivopico.com\/en\/","name":"Primitivo Pic\u00f3","description":"Turrones, porciones, dulces y conservas vegetales","publisher":{"@id":"https:\/\/www.primitivopico.com\/en\/#organization"},"potentialAction":[{"@type":"SearchAction","target":{"@type":"EntryPoint","urlTemplate":"https:\/\/www.primitivopico.com\/en\/?s={search_term_string}"},"query-input":{"@type":"PropertyValueSpecification","valueRequired":true,"valueName":"search_term_string"}}],"inLanguage":"en-US"},{"@type":"Organization","@id":"https:\/\/www.primitivopico.com\/en\/#organization","name":"Primitivo Pic\u00f3","url":"https:\/\/www.primitivopico.com\/en\/","logo":{"@type":"ImageObject","inLanguage":"en-US","@id":"https:\/\/www.primitivopico.com\/en\/#\/schema\/logo\/image\/","url":"https:\/\/primitivopico.com\/wp-content\/uploads\/2018\/10\/pp.ico","contentUrl":"https:\/\/primitivopico.com\/wp-content\/uploads\/2018\/10\/pp.ico","width":168,"height":114,"caption":"Primitivo Pic\u00f3"},"image":{"@id":"https:\/\/www.primitivopico.com\/en\/#\/schema\/logo\/image\/"}}]}},"_links":{"self":[{"href":"https:\/\/primitivopico.com\/en\/wp-json\/wp\/v2\/product\/2853","targetHints":{"allow":["GET"]}}],"collection":[{"href":"https:\/\/primitivopico.com\/en\/wp-json\/wp\/v2\/product"}],"about":[{"href":"https:\/\/primitivopico.com\/en\/wp-json\/wp\/v2\/types\/product"}],"replies":[{"embeddable":true,"href":"https:\/\/primitivopico.com\/en\/wp-json\/wp\/v2\/comments?post=2853"}],"wp:featuredmedia":[{"embeddable":true,"href":"https:\/\/primitivopico.com\/en\/wp-json\/wp\/v2\/media\/3042"}],"wp:attachment":[{"href":"https:\/\/primitivopico.com\/en\/wp-json\/wp\/v2\/media?parent=2853"}],"wp:term":[{"taxonomy":"product_brand","embeddable":true,"href":"https:\/\/primitivopico.com\/en\/wp-json\/wp\/v2\/product_brand?post=2853"},{"taxonomy":"product_cat","embeddable":true,"href":"https:\/\/primitivopico.com\/en\/wp-json\/wp\/v2\/product_cat?post=2853"},{"taxonomy":"product_tag","embeddable":true,"href":"https:\/\/primitivopico.com\/en\/wp-json\/wp\/v2\/product_tag?post=2853"}],"curies":[{"name":"wp","href":"https:\/\/api.w.org\/{rel}","templated":true}]}}